{"id":18,"date":"2017-05-14T21:13:13","date_gmt":"2017-05-14T19:13:13","guid":{"rendered":"https:\/\/app.arabisch-uebersetzer-deutschland.de\/?page_id=18"},"modified":"2018-03-24T12:30:59","modified_gmt":"2018-03-24T11:30:59","slug":"workflow","status":"publish","type":"page","link":"https:\/\/app.arabisch-uebersetzer-deutschland.de\/?page_id=18","title":{"rendered":"Workflow"},"content":{"rendered":"<p><img loading=\"lazy\" decoding=\"async\" class=\" wp-image-30 alignleft\" src=\"https:\/\/app.arabisch-uebersetzer-deutschland.de\/wp-content\/uploads\/2017\/05\/calendar.png\" alt=\"Workflow_Handshake\" width=\"45\" height=\"45\" \/><br \/>\nWorkflow &amp; Informationen<br \/>\n<br style=\"clear: both;\" \/><strong>Post-Versand \/ Sendungsverfolgung<\/strong><br \/>\nSie erhalten die ausgearbeitete schriftliche \u00dcbersetzung als Einschreiben auf dem Postweg.Nach der Erteilung Ihres Auftrag erhalten Sie von uns eine Status-Email sobald Ihre \u00dcbersetzung fertiggestellt ist und unserem internen Lektorat vorgelegt wird sowie eine weitere Email mit Informationen zum Post-Versand inkl. Tracking-Code zur Sendungsverfolgung.<\/p>\n<p><strong>Ihre Versandadresse<\/strong><br \/>\nWir ben\u00f6tigen bitte die Versandadresse\/Postanschrift an die wir die \u00dcbersetzung\/Rechnung versenden sollen.<\/p>\n<p><strong>Lateinische Schreibweise Ihres Namen<\/strong><br \/>\nWir ben\u00f6tigen bitte sofern m\u00f6glich ein weiteres Dokument auf dem Ihr Name in lateinischen Buchstaben steht.\u00a0 z.B. Pass oder Ausweis mit der lateinischen Schreibweise.<br \/>\nDies ist wichtig damit die Beh\u00f6rden sp\u00e4ter alles akzeptieren und wir die Schreibweise von diesem Dokument \u00fcbernehmen k\u00f6nnen.<br \/>\nAlternativ k\u00f6nnen Sie uns die lateinische Schreibweise Ihres Namen auch via E-Mail mitteilen.<\/p>\n<p><strong>Projektdauer<\/strong><br \/>\nIn der Regel k\u00f6nnen wir Ihre Unterlagen binnen maximal 5 &#8211; 7 Tage nach schriftlicher Auftragsbest\u00e4tigung des Kunden liefern.<\/p>\n<p><strong>Verrechnungsart\/Bezahlung<\/strong><br \/>\nBezahlung auf Rechnung, zahlbar binnen 14 Tagen nach \u00dcbersendung der ausgefertigten \u00dcbersetzung via Bank\u00fcberweisung oder PayPal<\/p>\n","protected":false},"excerpt":{"rendered":"<p>Workflow &amp; Informationen Post-Versand \/ Sendungsverfolgung Sie erhalten die ausgearbeitete schriftliche \u00dcbersetzung als Einschreiben auf dem Postweg.Nach der Erteilung Ihres Auftrag erhalten Sie von uns eine Status-Email sobald Ihre \u00dcbersetzung fertiggestellt ist und unserem internen Lektorat vorgelegt wird sowie eine weitere Email mit Informationen zum Post-Versand inkl. Tracking-Code zur Sendungsverfolgung. Ihre Versandadresse Wir ben\u00f6tigen bitte [&hellip;]<\/p>\n","protected":false},"author":1,"featured_media":0,"parent":0,"menu_order":0,"comment_status":"closed","ping_status":"closed","template":"","meta":{"footnotes":""},"class_list":["post-18","page","type-page","status-publish","hentry"],"_links":{"self":[{"href":"https:\/\/app.arabisch-uebersetzer-deutschland.de\/index.php?rest_route=\/wp\/v2\/pages\/18","targetHints":{"allow":["GET"]}}],"collection":[{"href":"https:\/\/app.arabisch-uebersetzer-deutschland.de\/index.php?rest_route=\/wp\/v2\/pages"}],"about":[{"href":"https:\/\/app.arabisch-uebersetzer-deutschland.de\/index.php?rest_route=\/wp\/v2\/types\/page"}],"author":[{"embeddable":true,"href":"https:\/\/app.arabisch-uebersetzer-deutschland.de\/index.php?rest_route=\/wp\/v2\/users\/1"}],"replies":[{"embeddable":true,"href":"https:\/\/app.arabisch-uebersetzer-deutschland.de\/index.php?rest_route=%2Fwp%2Fv2%2Fcomments&post=18"}],"version-history":[{"count":10,"href":"https:\/\/app.arabisch-uebersetzer-deutschland.de\/index.php?rest_route=\/wp\/v2\/pages\/18\/revisions"}],"predecessor-version":[{"id":178,"href":"https:\/\/app.arabisch-uebersetzer-deutschland.de\/index.php?rest_route=\/wp\/v2\/pages\/18\/revisions\/178"}],"wp:attachment":[{"href":"https:\/\/app.arabisch-uebersetzer-deutschland.de\/index.php?rest_route=%2Fwp%2Fv2%2Fmedia&parent=18"}],"curies":[{"name":"wp","href":"https:\/\/api.w.org\/{rel}","templated":true}]}}